{"id":2324,"date":"2025-11-08T20:14:51","date_gmt":"2025-11-08T20:14:51","guid":{"rendered":"https:\/\/madaplustravel.ch\/ueber-uns\/"},"modified":"2025-11-28T19:18:19","modified_gmt":"2025-11-28T19:18:19","slug":"a-propos-de-nous","status":"publish","type":"page","link":"https:\/\/madaplustravel.ch\/fr\/a-propos-de-nous\/","title":{"rendered":"\u00c0 propos de nous"},"content":{"rendered":"\t\t<div data-elementor-type=\"wp-page\" data-elementor-id=\"2324\" class=\"elementor elementor-2324\" data-elementor-settings=\"{&quot;ha_cmc_init_switcher&quot;:&quot;no&quot;}\" data-elementor-post-type=\"page\">\n\t\t\t\t<div class=\"elementor-element elementor-element-720b8a5 e-con-full e-flex e-con e-parent\" data-id=\"720b8a5\" data-element_type=\"container\" data-settings=\"{&quot;_ha_eqh_enable&quot;:false}\">\n\t\t<div class=\"elementor-element elementor-element-d710895 e-con-full e-flex e-con e-child\" data-id=\"d710895\" data-element_type=\"container\" data-settings=\"{&quot;background_background&quot;:&quot;classic&quot;,&quot;_ha_eqh_enable&quot;:false}\">\n\t\t\t\t<div class=\"elementor-element elementor-element-0e16e39 elementor-widget elementor-widget-image\" data-id=\"0e16e39\" data-element_type=\"widget\" data-widget_type=\"image.default\">\n\t\t\t\t<div class=\"elementor-widget-container\">\n\t\t\t\t\t\t\t\t\t\t\t\t\t\t\t<img fetchpriority=\"high\" decoding=\"async\" width=\"357\" height=\"324\" src=\"https:\/\/madaplustravel.ch\/wp-content\/uploads\/2024\/11\/Picture5.png\" class=\"attachment-full size-full wp-image-352\" alt=\"Ruedi et Lucie Felber-Razanatsoa, fondateurs de MadaPlusTRAVEL, \u00e0 Madagascar\" srcset=\"https:\/\/madaplustravel.ch\/wp-content\/uploads\/2024\/11\/Picture5.png 357w, https:\/\/madaplustravel.ch\/wp-content\/uploads\/2024\/11\/Picture5-300x272.png 300w\" sizes=\"(max-width: 357px) 100vw, 357px\" \/>\t\t\t\t\t\t\t\t\t\t\t\t\t\t\t<\/div>\n\t\t\t\t<\/div>\n\t\t\t\t<div class=\"elementor-element elementor-element-2b9ee3e elementor-widget elementor-widget-heading\" data-id=\"2b9ee3e\" data-element_type=\"widget\" data-widget_type=\"heading.default\">\n\t\t\t\t<div class=\"elementor-widget-container\">\n\t\t\t\t\t<h1 class=\"elementor-heading-title elementor-size-default\"><b>\u00c0 propos de nous<\/b> <br>Ruedi et Lucie Felber-Razanatsoa,<br> <i>vos experts des voyages \u00e0 Madagascar<\/i><\/h1>\t\t\t\t<\/div>\n\t\t\t\t<\/div>\n\t\t\t\t<div class=\"elementor-element elementor-element-ddbf45f elementor-widget elementor-widget-heading\" data-id=\"ddbf45f\" data-element_type=\"widget\" data-widget_type=\"heading.default\">\n\t\t\t\t<div class=\"elementor-widget-container\">\n\t\t\t\t\t<h2 class=\"elementor-heading-title elementor-size-default\">Les fondateurs de MadaPlusTRAVEL se pr\u00e9sentent<\/h2>\t\t\t\t<\/div>\n\t\t\t\t<\/div>\n\t\t\t\t<div class=\"elementor-element elementor-element-18040bd elementor-widget__width-initial elementor-widget elementor-widget-text-editor\" data-id=\"18040bd\" data-element_type=\"widget\" data-widget_type=\"text-editor.default\">\n\t\t\t\t<div class=\"elementor-widget-container\">\n\t\t\t\t\t\t\t\t\t<p>Ruedi et Lucie Felber-Razanatsoa, fondateurs et propri\u00e9taires de <strong>MadaPlusTRAVEL<\/strong>, se sont rencontr\u00e9s il y a plus de 40 ans \u00e0 Morondava, sur la c\u00f4te ouest de Madagascar. Leur profonde connexion avec l\u2019\u00eele, sa culture et ses habitants est au c\u0153ur de chaque voyage personnalis\u00e9 qu\u2019ils organisent.<\/p><p data-start=\"659\" data-end=\"1078\">Ruedi, ing\u00e9nieur forestier dipl\u00f4m\u00e9 de l\u2019ETH Zurich, a travaill\u00e9 pour la <strong>coop\u00e9ration suisse au d\u00e9veloppement<\/strong> au Honduras, au Mali et au Vietnam, puis pour la <strong>Direction du d\u00e9veloppement et de la coop\u00e9ration (DDC)<\/strong> au Tchad. Durant ses sept ann\u00e9es \u00e0 Madagascar, il a dirig\u00e9 un important projet de reboisement et de d\u00e9veloppement rural, contribuant durablement \u00e0 l\u2019am\u00e9lioration des conditions de vie des communaut\u00e9s locales.<\/p><p data-start=\"1080\" data-end=\"1369\">Lucie, n\u00e9e \u00e0 Madagascar, partage avec Ruedi la passion d\u2019un <strong>tourisme responsable<\/strong>, authentique et respectueux des traditions. Ensemble, ils mettent \u00e0 profit leur exp\u00e9rience et leur <strong>r\u00e9seau local<\/strong> pour proposer des voyages sur mesure, s\u00e9curis\u00e9s et profond\u00e9ment ancr\u00e9s dans la r\u00e9alit\u00e9 malgache.<\/p><p data-start=\"1371\" data-end=\"1615\">Aujourd\u2019hui, Ruedi dirige MadaPlusTRAVEL avec un engagement total et met \u00e0 contribution sa longue exp\u00e9rience internationale afin d\u2019offrir \u00e0 nos voyageurs des <strong>exp\u00e9riences inoubliables \u00e0 Madagascar<\/strong> \u2013 entre rencontres, nature, culture et aventure.<\/p><p data-start=\"1648\" data-end=\"1745\"><strong>Faites notre connaissance et b\u00e9n\u00e9ficiez d\u2019un conseil personnalis\u00e9 pour votre voyage \u00e0 Madagascar.<\/strong><\/p>\t\t\t\t\t\t\t\t<\/div>\n\t\t\t\t<\/div>\n\t\t\t\t<div class=\"elementor-element elementor-element-211f51c elementor-widget elementor-widget-ha-creative-button happy-addon ha-creative-button\" data-id=\"211f51c\" data-element_type=\"widget\" data-widget_type=\"ha-creative-button.default\">\n\t\t\t\t<div class=\"elementor-widget-container\">\n\t\t\t\t\t\t\t<div data-magnetic=\"no\" class=\"ha-creative-btn-wrap\">\n\t\t\t<a class=\"ha-creative-btn ha-stl--hermosa ha-eft--render\" href=\"https:\/\/madaplustravel.ch\/kontakt\/\" rel=\"nofollow\"><span>Contact<\/span><\/a>\n\t\t<\/div>\t\t\t\t<\/div>\n\t\t\t\t<\/div>\n\t\t\t\t<\/div>\n\t\t\t\t<\/div>\n\t\t\t\t<\/div>\n\t\t","protected":false},"excerpt":{"rendered":"<p>\u00c0 propos de nous Ruedi et Lucie Felber-Razanatsoa, vos experts des voyages \u00e0 Madagascar Les fondateurs de MadaPlusTRAVEL se pr\u00e9sentent Ruedi et Lucie Felber-Razanatsoa, fondateurs et propri\u00e9taires de MadaPlusTRAVEL, se sont rencontr\u00e9s il y a plus de 40 ans \u00e0 Morondava, sur la c\u00f4te ouest de Madagascar. Leur profonde connexion avec l\u2019\u00eele, sa culture et [&hellip;]<\/p>\n","protected":false},"author":2,"featured_media":947,"parent":0,"menu_order":0,"comment_status":"closed","ping_status":"closed","template":"elementor_header_footer","meta":{"footnotes":""},"class_list":["post-2324","page","type-page","status-publish","has-post-thumbnail","hentry"],"aioseo_notices":[],"_links":{"self":[{"href":"https:\/\/madaplustravel.ch\/fr\/wp-json\/wp\/v2\/pages\/2324","targetHints":{"allow":["GET"]}}],"collection":[{"href":"https:\/\/madaplustravel.ch\/fr\/wp-json\/wp\/v2\/pages"}],"about":[{"href":"https:\/\/madaplustravel.ch\/fr\/wp-json\/wp\/v2\/types\/page"}],"author":[{"embeddable":true,"href":"https:\/\/madaplustravel.ch\/fr\/wp-json\/wp\/v2\/users\/2"}],"replies":[{"embeddable":true,"href":"https:\/\/madaplustravel.ch\/fr\/wp-json\/wp\/v2\/comments?post=2324"}],"version-history":[{"count":25,"href":"https:\/\/madaplustravel.ch\/fr\/wp-json\/wp\/v2\/pages\/2324\/revisions"}],"predecessor-version":[{"id":3716,"href":"https:\/\/madaplustravel.ch\/fr\/wp-json\/wp\/v2\/pages\/2324\/revisions\/3716"}],"wp:featuredmedia":[{"embeddable":true,"href":"https:\/\/madaplustravel.ch\/fr\/wp-json\/wp\/v2\/media\/947"}],"wp:attachment":[{"href":"https:\/\/madaplustravel.ch\/fr\/wp-json\/wp\/v2\/media?parent=2324"}],"curies":[{"name":"wp","href":"https:\/\/api.w.org\/{rel}","templated":true}]}}