{"id":2325,"date":"2025-11-09T06:58:54","date_gmt":"2025-11-09T06:58:54","guid":{"rendered":"https:\/\/madaplustravel.ch\/warum-madaplustravel\/"},"modified":"2025-11-25T05:51:08","modified_gmt":"2025-11-25T05:51:08","slug":"pourquoi-madaplustravel","status":"publish","type":"page","link":"https:\/\/madaplustravel.ch\/fr\/pourquoi-madaplustravel\/","title":{"rendered":"Pourquoi MadaPlusTRAVEL"},"content":{"rendered":"\t\t<div data-elementor-type=\"wp-page\" data-elementor-id=\"2325\" class=\"elementor elementor-2325\" data-elementor-settings=\"{&quot;ha_cmc_init_switcher&quot;:&quot;no&quot;}\" data-elementor-post-type=\"page\">\n\t\t\t\t<div class=\"elementor-element elementor-element-4d55a80 e-con-full e-flex e-con e-parent\" data-id=\"4d55a80\" data-element_type=\"container\" data-settings=\"{&quot;background_background&quot;:&quot;classic&quot;,&quot;_ha_eqh_enable&quot;:false}\">\n\t\t\t\t<div class=\"elementor-element elementor-element-8e6ad64 elementor-widget elementor-widget-heading\" data-id=\"8e6ad64\" data-element_type=\"widget\" data-widget_type=\"heading.default\">\n\t\t\t\t<div class=\"elementor-widget-container\">\n\t\t\t\t\t<h1 class=\"elementor-heading-title elementor-size-default\">Pourquoi MadaPlusTRAVEL?<BR>Des voyages uniques \u00e0 Madagascar<\/h1>\t\t\t\t<\/div>\n\t\t\t\t<\/div>\n\t\t\t\t<div class=\"elementor-element elementor-element-0e7ae19 elementor-widget elementor-widget-heading\" data-id=\"0e7ae19\" data-element_type=\"widget\" data-widget_type=\"heading.default\">\n\t\t\t\t<div class=\"elementor-widget-container\">\n\t\t\t\t\t<h2 class=\"elementor-heading-title elementor-size-default\">Qu\u2019est-ce qui rend nos voyages si sp\u00e9ciaux ?<\/h2>\t\t\t\t<\/div>\n\t\t\t\t<\/div>\n\t\t<div class=\"elementor-element elementor-element-adf3025 e-con-full e-flex e-con e-child\" data-id=\"adf3025\" data-element_type=\"container\" data-settings=\"{&quot;_ha_eqh_enable&quot;:&quot;yes&quot;,&quot;_ha_eqh_widget&quot;:[&quot;xpro-icon-box&quot;],&quot;_ha_eqh_disable_on_tablet&quot;:&quot;yes&quot;,&quot;_ha_eqh_to&quot;:&quot;widget&quot;,&quot;_ha_eqh_disable_on_mobile&quot;:&quot;yes&quot;}\">\n\t\t<div class=\"elementor-element elementor-element-bf9a923 e-con-full e-flex e-con e-child\" data-id=\"bf9a923\" data-element_type=\"container\" data-settings=\"{&quot;_ha_eqh_enable&quot;:false}\">\n\t\t\t\t<div class=\"elementor-element elementor-element-5b69809 xpro-content-aligncenter e-transform elementor-widget elementor-widget-xpro-icon-box\" data-id=\"5b69809\" data-element_type=\"widget\" data-settings=\"{&quot;_transform_translateY_effect_hover&quot;:{&quot;unit&quot;:&quot;px&quot;,&quot;size&quot;:-20,&quot;sizes&quot;:[]},&quot;_transform_translateX_effect_hover&quot;:{&quot;unit&quot;:&quot;px&quot;,&quot;size&quot;:&quot;&quot;,&quot;sizes&quot;:[]},&quot;_transform_translateX_effect_hover_tablet&quot;:{&quot;unit&quot;:&quot;px&quot;,&quot;size&quot;:&quot;&quot;,&quot;sizes&quot;:[]},&quot;_transform_translateX_effect_hover_mobile&quot;:{&quot;unit&quot;:&quot;px&quot;,&quot;size&quot;:&quot;&quot;,&quot;sizes&quot;:[]},&quot;_transform_translateY_effect_hover_tablet&quot;:{&quot;unit&quot;:&quot;px&quot;,&quot;size&quot;:&quot;&quot;,&quot;sizes&quot;:[]},&quot;_transform_translateY_effect_hover_mobile&quot;:{&quot;unit&quot;:&quot;px&quot;,&quot;size&quot;:&quot;&quot;,&quot;sizes&quot;:[]}}\" data-widget_type=\"xpro-icon-box.default\">\n\t\t\t\t<div class=\"elementor-widget-container\">\n\t\t\t\t\t\r\n<a  class=\"xpro-box-icon-wrapper\">\r\n<div class=\"xpro-box-icon-wrapper-inner\">\r\n\t     \r\n\t\t\t<span class=\"xpro-box-icon-item\">\r\n\t\t\t\t<img decoding=\"async\" width=\"100\" height=\"100\" src=\"https:\/\/madaplustravel.ch\/wp-content\/uploads\/2024\/11\/icons8-adventure-100.png\" class=\"attachment-full size-full\" alt=\"\" \/>\t\t\t<\/span>\r\n\t\r\n\t<span class=\"xpro-box-icon-content\">\r\n\t<h3 class=\"xpro-box-icon-title\">Exclusivit\u00e9<\/h3>\r\n\t\t\t\t\t<p class=\"xpro-box-icon-description\">Voyages sur mesure \u00e0 Madagascar, parfaitement adapt\u00e9s \u00e0 vos souhaits \u2013 avec des itin\u00e9raires uniques et des exp\u00e9riences personnalis\u00e9es.<\/p>\r\n\t\t\t\t   <\/span>\r\n   <\/div>\r\n<\/a>\r\n\t\t\t\t<\/div>\n\t\t\t\t<\/div>\n\t\t\t\t<\/div>\n\t\t<div class=\"elementor-element elementor-element-d8f9587 e-con-full e-flex e-con e-child\" data-id=\"d8f9587\" data-element_type=\"container\" data-settings=\"{&quot;_ha_eqh_enable&quot;:false}\">\n\t\t\t\t<div class=\"elementor-element elementor-element-a938165 xpro-content-aligncenter e-transform elementor-widget elementor-widget-xpro-icon-box\" data-id=\"a938165\" data-element_type=\"widget\" data-settings=\"{&quot;_transform_translateY_effect_hover&quot;:{&quot;unit&quot;:&quot;px&quot;,&quot;size&quot;:-20,&quot;sizes&quot;:[]},&quot;_transform_translateX_effect_hover&quot;:{&quot;unit&quot;:&quot;px&quot;,&quot;size&quot;:&quot;&quot;,&quot;sizes&quot;:[]},&quot;_transform_translateX_effect_hover_tablet&quot;:{&quot;unit&quot;:&quot;px&quot;,&quot;size&quot;:&quot;&quot;,&quot;sizes&quot;:[]},&quot;_transform_translateX_effect_hover_mobile&quot;:{&quot;unit&quot;:&quot;px&quot;,&quot;size&quot;:&quot;&quot;,&quot;sizes&quot;:[]},&quot;_transform_translateY_effect_hover_tablet&quot;:{&quot;unit&quot;:&quot;px&quot;,&quot;size&quot;:&quot;&quot;,&quot;sizes&quot;:[]},&quot;_transform_translateY_effect_hover_mobile&quot;:{&quot;unit&quot;:&quot;px&quot;,&quot;size&quot;:&quot;&quot;,&quot;sizes&quot;:[]}}\" data-widget_type=\"xpro-icon-box.default\">\n\t\t\t\t<div class=\"elementor-widget-container\">\n\t\t\t\t\t\r\n<a  class=\"xpro-box-icon-wrapper\">\r\n<div class=\"xpro-box-icon-wrapper-inner\">\r\n\t     \r\n\t\t\t<span class=\"xpro-box-icon-item\">\r\n\t\t\t\t<img decoding=\"async\" width=\"100\" height=\"100\" src=\"https:\/\/madaplustravel.ch\/wp-content\/uploads\/2024\/11\/icons8-poolside-bar-100.png\" class=\"attachment-full size-full\" alt=\"\" \/>\t\t\t<\/span>\r\n\t\r\n\t<span class=\"xpro-box-icon-content\">\r\n\t<h3 class=\"xpro-box-icon-title\">Confort<\/h3>\r\n\t\t\t\t\t<p class=\"xpro-box-icon-description\">H\u00f4tels et lodges s\u00e9lectionn\u00e9s avec soin offrant un service de premi\u00e8re classe pour garantir d\u00e9tente et bien-\u00eatre.<\/p>\r\n\t\t\t\t   <\/span>\r\n   <\/div>\r\n<\/a>\r\n\t\t\t\t<\/div>\n\t\t\t\t<\/div>\n\t\t\t\t<\/div>\n\t\t<div class=\"elementor-element elementor-element-6f78ba3 e-con-full e-flex e-con e-child\" data-id=\"6f78ba3\" data-element_type=\"container\" data-settings=\"{&quot;_ha_eqh_enable&quot;:false}\">\n\t\t\t\t<div class=\"elementor-element elementor-element-72c04f6 xpro-content-aligncenter e-transform elementor-widget elementor-widget-xpro-icon-box\" data-id=\"72c04f6\" data-element_type=\"widget\" data-settings=\"{&quot;_transform_translateY_effect_hover&quot;:{&quot;unit&quot;:&quot;px&quot;,&quot;size&quot;:-20,&quot;sizes&quot;:[]},&quot;_transform_translateX_effect_hover&quot;:{&quot;unit&quot;:&quot;px&quot;,&quot;size&quot;:&quot;&quot;,&quot;sizes&quot;:[]},&quot;_transform_translateX_effect_hover_tablet&quot;:{&quot;unit&quot;:&quot;px&quot;,&quot;size&quot;:&quot;&quot;,&quot;sizes&quot;:[]},&quot;_transform_translateX_effect_hover_mobile&quot;:{&quot;unit&quot;:&quot;px&quot;,&quot;size&quot;:&quot;&quot;,&quot;sizes&quot;:[]},&quot;_transform_translateY_effect_hover_tablet&quot;:{&quot;unit&quot;:&quot;px&quot;,&quot;size&quot;:&quot;&quot;,&quot;sizes&quot;:[]},&quot;_transform_translateY_effect_hover_mobile&quot;:{&quot;unit&quot;:&quot;px&quot;,&quot;size&quot;:&quot;&quot;,&quot;sizes&quot;:[]}}\" data-widget_type=\"xpro-icon-box.default\">\n\t\t\t\t<div class=\"elementor-widget-container\">\n\t\t\t\t\t\r\n<a  class=\"xpro-box-icon-wrapper\">\r\n<div class=\"xpro-box-icon-wrapper-inner\">\r\n\t     \r\n\t\t\t<span class=\"xpro-box-icon-item\">\r\n\t\t\t\t<img decoding=\"async\" width=\"100\" height=\"100\" src=\"https:\/\/madaplustravel.ch\/wp-content\/uploads\/2024\/11\/icons8-safety-100.png\" class=\"attachment-full size-full\" alt=\"\" \/>\t\t\t<\/span>\r\n\t\r\n\t<span class=\"xpro-box-icon-content\">\r\n\t<h3 class=\"xpro-box-icon-title\">S\u00e9curit\u00e9<\/h3>\r\n\t\t\t\t\t<p class=\"xpro-box-icon-description\">Votre s\u00e9curit\u00e9 est notre priorit\u00e9. Notre \u00e9quipe exp\u00e9riment\u00e9e et nos partenaires de confiance assurent un voyage sans souci.<\/p>\r\n\t\t\t\t   <\/span>\r\n   <\/div>\r\n<\/a>\r\n\t\t\t\t<\/div>\n\t\t\t\t<\/div>\n\t\t\t\t<\/div>\n\t\t<div class=\"elementor-element elementor-element-c6b39bb e-con-full e-flex e-con e-child\" data-id=\"c6b39bb\" data-element_type=\"container\" data-settings=\"{&quot;_ha_eqh_enable&quot;:false}\">\n\t\t\t\t<div class=\"elementor-element elementor-element-873ca86 xpro-content-aligncenter e-transform elementor-widget elementor-widget-xpro-icon-box\" data-id=\"873ca86\" data-element_type=\"widget\" data-settings=\"{&quot;_transform_translateY_effect_hover&quot;:{&quot;unit&quot;:&quot;px&quot;,&quot;size&quot;:-20,&quot;sizes&quot;:[]},&quot;_transform_translateX_effect_hover&quot;:{&quot;unit&quot;:&quot;px&quot;,&quot;size&quot;:&quot;&quot;,&quot;sizes&quot;:[]},&quot;_transform_translateX_effect_hover_tablet&quot;:{&quot;unit&quot;:&quot;px&quot;,&quot;size&quot;:&quot;&quot;,&quot;sizes&quot;:[]},&quot;_transform_translateX_effect_hover_mobile&quot;:{&quot;unit&quot;:&quot;px&quot;,&quot;size&quot;:&quot;&quot;,&quot;sizes&quot;:[]},&quot;_transform_translateY_effect_hover_tablet&quot;:{&quot;unit&quot;:&quot;px&quot;,&quot;size&quot;:&quot;&quot;,&quot;sizes&quot;:[]},&quot;_transform_translateY_effect_hover_mobile&quot;:{&quot;unit&quot;:&quot;px&quot;,&quot;size&quot;:&quot;&quot;,&quot;sizes&quot;:[]}}\" data-widget_type=\"xpro-icon-box.default\">\n\t\t\t\t<div class=\"elementor-widget-container\">\n\t\t\t\t\t\r\n<a  class=\"xpro-box-icon-wrapper\">\r\n<div class=\"xpro-box-icon-wrapper-inner\">\r\n\t     \r\n\t\t\t<span class=\"xpro-box-icon-item\">\r\n\t\t\t\t<img loading=\"lazy\" decoding=\"async\" width=\"100\" height=\"100\" src=\"https:\/\/madaplustravel.ch\/wp-content\/uploads\/2024\/11\/icons8-care-100.png\" class=\"attachment-full size-full\" alt=\"\" \/>\t\t\t<\/span>\r\n\t\r\n\t<span class=\"xpro-box-icon-content\">\r\n\t<h3 class=\"xpro-box-icon-title\">Durabilit\u00e9<\/h3>\r\n\t\t\t\t\t<p class=\"xpro-box-icon-description\">Nous promouvons un tourisme respectueux de l\u2019environnement, soutenons les communaut\u00e9s locales et nous engageons pour un tourisme durable.<\/p>\r\n\t\t\t\t   <\/span>\r\n   <\/div>\r\n<\/a>\r\n\t\t\t\t<\/div>\n\t\t\t\t<\/div>\n\t\t\t\t<\/div>\n\t\t\t\t<\/div>\n\t\t\t\t<div class=\"elementor-element elementor-element-9b0fa1a elementor-widget__width-initial elementor-widget elementor-widget-text-editor\" data-id=\"9b0fa1a\" data-element_type=\"widget\" data-widget_type=\"text-editor.default\">\n\t\t\t\t<div class=\"elementor-widget-container\">\n\t\t\t\t\t\t\t\t\t<p>Pr\u00eat pour des aventures uniques \u00e0 Madagascar ? D\u00e9couvrez nos offres de voyage et b\u00e9n\u00e9ficiez de conseils personnalis\u00e9s.<\/p>\t\t\t\t\t\t\t\t<\/div>\n\t\t\t\t<\/div>\n\t\t\t\t<div class=\"elementor-element elementor-element-e74219e elementor-widget elementor-widget-ha-creative-button happy-addon ha-creative-button\" data-id=\"e74219e\" data-element_type=\"widget\" data-widget_type=\"ha-creative-button.default\">\n\t\t\t\t<div class=\"elementor-widget-container\">\n\t\t\t\t\t\t\t<div data-magnetic=\"no\" class=\"ha-creative-btn-wrap\">\n\t\t\t<a class=\"ha-creative-btn ha-stl--hermosa ha-eft--render\" href=\"https:\/\/madaplustravel.ch\/kontakt\/\" rel=\"nofollow\"><span>DEMANDE SANS ENGAGEMENT<\/span><\/a>\n\t\t<\/div>\t\t\t\t<\/div>\n\t\t\t\t<\/div>\n\t\t\t\t<\/div>\n\t\t\t\t<\/div>\n\t\t","protected":false},"excerpt":{"rendered":"<p>Pourquoi MadaPlusTRAVEL?Des voyages uniques \u00e0 Madagascar Qu\u2019est-ce qui rend nos voyages si sp\u00e9ciaux ? Exclusivit\u00e9 Voyages sur mesure \u00e0 Madagascar, parfaitement adapt\u00e9s \u00e0 vos souhaits \u2013 avec des itin\u00e9raires uniques et des exp\u00e9riences personnalis\u00e9es. Confort H\u00f4tels et lodges s\u00e9lectionn\u00e9s avec soin offrant un service de premi\u00e8re classe pour garantir d\u00e9tente et bien-\u00eatre. S\u00e9curit\u00e9 Votre s\u00e9curit\u00e9 [&hellip;]<\/p>\n","protected":false},"author":2,"featured_media":0,"parent":0,"menu_order":0,"comment_status":"closed","ping_status":"closed","template":"","meta":{"footnotes":""},"class_list":["post-2325","page","type-page","status-publish","hentry"],"aioseo_notices":[],"_links":{"self":[{"href":"https:\/\/madaplustravel.ch\/fr\/wp-json\/wp\/v2\/pages\/2325","targetHints":{"allow":["GET"]}}],"collection":[{"href":"https:\/\/madaplustravel.ch\/fr\/wp-json\/wp\/v2\/pages"}],"about":[{"href":"https:\/\/madaplustravel.ch\/fr\/wp-json\/wp\/v2\/types\/page"}],"author":[{"embeddable":true,"href":"https:\/\/madaplustravel.ch\/fr\/wp-json\/wp\/v2\/users\/2"}],"replies":[{"embeddable":true,"href":"https:\/\/madaplustravel.ch\/fr\/wp-json\/wp\/v2\/comments?post=2325"}],"version-history":[{"count":10,"href":"https:\/\/madaplustravel.ch\/fr\/wp-json\/wp\/v2\/pages\/2325\/revisions"}],"predecessor-version":[{"id":3161,"href":"https:\/\/madaplustravel.ch\/fr\/wp-json\/wp\/v2\/pages\/2325\/revisions\/3161"}],"wp:attachment":[{"href":"https:\/\/madaplustravel.ch\/fr\/wp-json\/wp\/v2\/media?parent=2325"}],"curies":[{"name":"wp","href":"https:\/\/api.w.org\/{rel}","templated":true}]}}