{"id":2881,"date":"2025-11-19T18:26:26","date_gmt":"2025-11-19T18:26:26","guid":{"rendered":"https:\/\/madaplustravel.ch\/informations\/"},"modified":"2025-11-28T19:11:13","modified_gmt":"2025-11-28T19:11:13","slug":"informations","status":"publish","type":"page","link":"https:\/\/madaplustravel.ch\/fr\/informations\/","title":{"rendered":"Informations"},"content":{"rendered":"\t\t<div data-elementor-type=\"wp-page\" data-elementor-id=\"2881\" class=\"elementor elementor-2881\" data-elementor-settings=\"{&quot;ha_cmc_init_switcher&quot;:&quot;no&quot;}\" data-elementor-post-type=\"page\">\n\t\t\t\t<div class=\"elementor-element elementor-element-d032079 e-con-full e-flex e-con e-parent\" data-id=\"d032079\" data-element_type=\"container\" data-settings=\"{&quot;_ha_eqh_enable&quot;:false}\">\n\t\t<div class=\"elementor-element elementor-element-af59646 e-con-full e-flex e-con e-child\" data-id=\"af59646\" data-element_type=\"container\" data-settings=\"{&quot;_ha_eqh_enable&quot;:false}\">\n\t\t\t\t<div class=\"elementor-element elementor-element-6592b23 elementor-widget elementor-widget-heading\" data-id=\"6592b23\" data-element_type=\"widget\" data-widget_type=\"heading.default\">\n\t\t\t\t<div class=\"elementor-widget-container\">\n\t\t\t\t\t<h1 class=\"elementor-heading-title elementor-size-default\">INFORMATIONS DE VOYAGE \u2013 Conseils pratiques pour votre voyage \u00e0 Madagascar<\/h1>\t\t\t\t<\/div>\n\t\t\t\t<\/div>\n\t\t\t\t<div class=\"elementor-element elementor-element-135893b elementor-widget__width-initial elementor-widget elementor-widget-text-editor\" data-id=\"135893b\" data-element_type=\"widget\" data-widget_type=\"text-editor.default\">\n\t\t\t\t<div class=\"elementor-widget-container\">\n\t\t\t\t\t\t\t\t\t<h2><strong>Climat et meilleures p\u00e9riodes pour voyager \u00e0 Madagascar<\/strong><\/h2><p>Madagascar b\u00e9n\u00e9ficie d\u2019un climat tropical qui varie fortement selon les r\u00e9gions et l\u2019altitude. L\u2019\u00eele est r\u00e9put\u00e9e pour sa diversit\u00e9 paysag\u00e8re exceptionnelle :<\/p><ul><li>For\u00eats tropicales luxuriantes \u00e0 l\u2019est<\/li><li>Savanes s\u00e8ches et for\u00eats \u00e9pineuses au sud et au sud-ouest<\/li><li>Paysages de baobabs et for\u00eats s\u00e8ches \u00e0 l\u2019ouest<\/li><li>Climat plus frais sur les hauts plateaux<\/li><\/ul><p>Situ\u00e9e dans l\u2019h\u00e9misph\u00e8re sud, Madagascar conna\u00eet une <strong>saison des pluies (novembre\u2013mars)<\/strong> et une <strong>saison s\u00e8che (avril\u2013octobre)<\/strong>.<\/p><p>La c\u00f4te est re\u00e7oit jusqu\u2019\u00e0 <strong>4 000 mm<\/strong> de pluie par an, tandis qu\u2019\u00e0 l\u2019ouest on enregistre parfois moins de <strong>500 mm<\/strong>.<\/p><p>La temp\u00e9rature annuelle moyenne avoisine les <strong>25 \u00b0C<\/strong>, mais les hauts plateaux peuvent \u00eatre nettement plus frais.<\/p><h2><strong>Recommandations de voyage par r\u00e9gion<\/strong><\/h2><p><strong>Est de Madagascar (Andasibe, Sainte-Marie, Canal des Pangalanes)<\/strong><\/p><p><strong>Meilleure p\u00e9riode : avril\u2013octobre<\/strong><\/p><ul><li>Temp\u00e9ratures agr\u00e9ables<\/li><li>Excellentes conditions pour observer les l\u00e9muriens<\/li><li>Id\u00e9al pour les randonn\u00e9es en for\u00eat tropicale et les s\u00e9jours baln\u00e9aires<\/li><\/ul><p><strong>Ouest de Madagascar (All\u00e9e des Baobabs, Tsingy de Bemaraha, Morondava)<\/strong><\/p><p><strong>Meilleure p\u00e9riode : mai\u2013octobre<\/strong><\/p><ul><li>Temps sec et chaud \u2013 parfait pour explorer les Tsingy<\/li><li>Magnifiques couchers de soleil \u00e0 l\u2019All\u00e9e des Baobabs<\/li><li>Routes g\u00e9n\u00e9ralement praticables (important pour le Tsingy de Bemaraha !)<\/li><\/ul><p><strong>Remarque :<\/strong> de novembre \u00e0 mars, de nombreuses pistes sont impraticables et le parc des Tsingy est ferm\u00e9.<\/p><p><strong>Sud et sud-ouest (Ifaty, Tul\u00e9ar, Parc national de l\u2019Isalo)<\/strong><\/p><p><strong>Meilleure p\u00e9riode : toute l\u2019ann\u00e9e, optimal : avril\u2013novembre<\/strong><\/p><ul><li>Climat sec et chaud \u2013 id\u00e9al pour les randonn\u00e9es dans l\u2019Isalo<\/li><li>Excellentes conditions pour la baignade et le snorkeling \u00e0 Ifaty<\/li><li>Tr\u00e8s peu de pluie, particuli\u00e8rement favorable pendant la saison s\u00e8che<\/li><\/ul><p><strong>Remarque :<\/strong> entre d\u00e9cembre et mars, les temp\u00e9ratures peuvent d\u00e9passer les <strong>30 \u00b0C<\/strong>, mais la r\u00e9gion reste globalement s\u00e8che.<\/p><p><strong>Recommandation g\u00e9n\u00e9rale pour votre voyage \u00e0 Madagascar<\/strong><\/p><p>La <strong>meilleure p\u00e9riode pour voyager \u00e0 Madagascar est d\u2019avril \u00e0 octobre<\/strong>.<\/p><p>Vous profitez alors de :<\/p><ul><li>temp\u00e9ratures agr\u00e9ables<\/li><li>conditions id\u00e9ales pour visiter les parcs nationaux<\/li><li>excellentes opportunit\u00e9s d\u2019observer la faune<\/li><li>eaux claires et mer calme pour les s\u00e9jours baln\u00e9aires et la plong\u00e9e<\/li><\/ul><p>Que vous visitiez l\u2019est, l\u2019ouest ou le sud-ouest, ces mois offrent les meilleures conditions pour d\u00e9couvrir toutes les facettes de Madagascar.<\/p><h2><strong>Langue \u00e0 Madagascar<\/strong><\/h2><p>La langue malgache (Malagasy) est le principal lien culturel du pays et est parl\u00e9e dans toutes les r\u00e9gions.<\/p><p>Le fran\u00e7ais, langue officielle, est largement utilis\u00e9 comme langue administrative, commerciale et touristique, surtout dans les villes.<\/p><h2><strong>Gastronomie \u2013 La cuisine malgache<\/strong><\/h2><p>La cuisine malgache est simple, savoureuse et fortement marqu\u00e9e par les produits locaux.<br \/>Le riz est au c\u0153ur de presque chaque repas, parfois d\u00e8s le petit d\u00e9jeuner, sous forme de <strong>\u201evary asary\u201c<\/strong>, une soupe l\u00e9g\u00e8re \u00e0 base de riz.<\/p><p><strong>Sp\u00e9cialit\u00e9s populaires :<\/strong><\/p><ul><li><em>Brochettes<\/em> \u2013 grillades de viande de z\u00e9bu<\/li><li><em>Lasary<\/em> \u2013 accompagnement de l\u00e9gumes (haricots, carottes, chou)<\/li><li>Sauce aux arachides \u2013 assaisonnement typiquement malgache<\/li><li>Fruits de mer frais le long de la c\u00f4te<\/li><\/ul><p>Le riz, les \u00e9pices et les produits locaux refl\u00e8tent la diversit\u00e9 culturelle de l\u2019\u00eele et offrent une cuisine authentique.<\/p><h2><strong>Monnaie \u2013 Payer \u00e0 Madagascar<\/strong><\/h2><p>La monnaie officielle est l\u2019<strong>Ariary (AR)<\/strong>, successeur du franc malgache depuis 2003.<\/p><p><strong>Taux de change (novembre 2025) :<\/strong><\/p><p>1 CHF \u2248 <strong>5 500 AR<\/strong><\/p><p><strong>Conseils :<\/strong><\/p><ul><li>L\u2019argent liquide est indispensable dans les zones rurales.<\/li><li>Les distributeurs fonctionnent g\u00e9n\u00e9ralement bien dans les grandes villes.<\/li><li>Les cartes de cr\u00e9dit sont surtout accept\u00e9es dans les h\u00f4tels et restaurants.<\/li><\/ul><h2><strong>REGA \u2013 S\u00e9curit\u00e9 en voyage<\/strong><\/h2><p>Nous recommandons de devenir donateur de la REGA.<\/p><p>La Garde a\u00e9rienne suisse offre une assistance pr\u00e9cieuse en cas d\u2019urgence, partout dans le monde.<\/p><p>Plus d\u2019informations :<br \/><a href=\"https:\/\/www.rega.ch\/\">https:\/\/www.rega.ch\/<\/a><\/p><p>\u00a0<\/p>\t\t\t\t\t\t\t\t<\/div>\n\t\t\t\t<\/div>\n\t\t\t\t<\/div>\n\t\t\t\t<\/div>\n\t\t\t\t<\/div>\n\t\t","protected":false},"excerpt":{"rendered":"<p>INFORMATIONS DE VOYAGE \u2013 Conseils pratiques pour votre voyage \u00e0 Madagascar Climat et meilleures p\u00e9riodes pour voyager \u00e0 Madagascar Madagascar b\u00e9n\u00e9ficie d\u2019un climat tropical qui varie fortement selon les r\u00e9gions et l\u2019altitude. L\u2019\u00eele est r\u00e9put\u00e9e pour sa diversit\u00e9 paysag\u00e8re exceptionnelle : For\u00eats tropicales luxuriantes \u00e0 l\u2019est Savanes s\u00e8ches et for\u00eats \u00e9pineuses au sud et au [&hellip;]<\/p>\n","protected":false},"author":2,"featured_media":0,"parent":0,"menu_order":0,"comment_status":"closed","ping_status":"closed","template":"elementor_header_footer","meta":{"footnotes":""},"class_list":["post-2881","page","type-page","status-publish","hentry"],"aioseo_notices":[],"_links":{"self":[{"href":"https:\/\/madaplustravel.ch\/fr\/wp-json\/wp\/v2\/pages\/2881","targetHints":{"allow":["GET"]}}],"collection":[{"href":"https:\/\/madaplustravel.ch\/fr\/wp-json\/wp\/v2\/pages"}],"about":[{"href":"https:\/\/madaplustravel.ch\/fr\/wp-json\/wp\/v2\/types\/page"}],"author":[{"embeddable":true,"href":"https:\/\/madaplustravel.ch\/fr\/wp-json\/wp\/v2\/users\/2"}],"replies":[{"embeddable":true,"href":"https:\/\/madaplustravel.ch\/fr\/wp-json\/wp\/v2\/comments?post=2881"}],"version-history":[{"count":18,"href":"https:\/\/madaplustravel.ch\/fr\/wp-json\/wp\/v2\/pages\/2881\/revisions"}],"predecessor-version":[{"id":3708,"href":"https:\/\/madaplustravel.ch\/fr\/wp-json\/wp\/v2\/pages\/2881\/revisions\/3708"}],"wp:attachment":[{"href":"https:\/\/madaplustravel.ch\/fr\/wp-json\/wp\/v2\/media?parent=2881"}],"curies":[{"name":"wp","href":"https:\/\/api.w.org\/{rel}","templated":true}]}}